{"id":17,"date":"2021-07-16T22:27:07","date_gmt":"2021-07-16T22:27:07","guid":{"rendered":"http:\/\/argozoo.lv\/?page_id=17"},"modified":"2025-08-18T09:32:16","modified_gmt":"2025-08-18T09:32:16","slug":"par-mums","status":"publish","type":"page","link":"http:\/\/argozoo.lv\/?page_id=17","title":{"rendered":"Par mums"},"content":{"rendered":"\t\t<div data-elementor-type=\"wp-page\" data-elementor-id=\"17\" class=\"elementor elementor-17\" data-elementor-settings=\"[]\">\n\t\t\t\t\t\t\t<div class=\"elementor-section-wrap\">\n\t\t\t\t\t\t\t<section class=\"elementor-section elementor-top-section elementor-element elementor-element-611817c elementor-section-boxed elementor-section-height-default elementor-section-height-default\" data-id=\"611817c\" data-element_type=\"section\">\n\t\t\t\t\t\t<div class=\"elementor-container elementor-column-gap-default\">\n\t\t\t\t\t<div class=\"elementor-column elementor-col-100 elementor-top-column elementor-element elementor-element-30f3478\" data-id=\"30f3478\" data-element_type=\"column\">\n\t\t\t<div class=\"elementor-widget-wrap elementor-element-populated\">\n\t\t\t\t\t\t\t\t<div class=\"elementor-element elementor-element-3f259cd elementor-widget elementor-widget-heading\" data-id=\"3f259cd\" data-element_type=\"widget\" data-widget_type=\"heading.default\">\n\t\t\t\t<div class=\"elementor-widget-container\">\n\t\t\t<h2 class=\"elementor-heading-title elementor-size-default\">Ar zoopre\u010du tirdzniec\u012bbu nodarbojamies kop\u0161 2007. gada, kad, gandr\u012bz vienlaic\u012bgi ar m\u016bsu pirm\u0101 Bernes ganu su\u0146a ien\u0101k\u0161anu \u0123imen\u0113, rad\u0101s ar\u012b ideja par neliela \u0123imenes biznesa - zooveikala atv\u0113r\u0161anu.<br>\n<br>Gadiem ejot m\u016bsu \u0123imenes m\u012blest\u012bba uz Bernes ganu su\u0146iem ir izaugusi l\u012bdz \u0161is fantastisk\u0101s \u0161\u0137irnes audz\u0113tavai Pride Adorable. \nKop\u0101 ar m\u016bsu audz\u0113tavas att\u012bst\u012bbu, ir audzis ar\u012b \u0123imenes mazais zooveikali\u0146\u0161 un nu durvis ver online pied\u0101v\u0101jums.\n<\/h2>\t\t<\/div>\n\t\t\t\t<\/div>\n\t\t\t\t\t<\/div>\n\t\t<\/div>\n\t\t\t\t\t\t\t<\/div>\n\t\t<\/section>\n\t\t\t\t<section class=\"elementor-section elementor-top-section elementor-element elementor-element-eed55e3 elementor-section-boxed elementor-section-height-default elementor-section-height-default\" data-id=\"eed55e3\" data-element_type=\"section\">\n\t\t\t\t\t\t<div class=\"elementor-container elementor-column-gap-default\">\n\t\t\t\t\t<div class=\"elementor-column elementor-col-100 elementor-top-column elementor-element elementor-element-474b096\" data-id=\"474b096\" data-element_type=\"column\">\n\t\t\t<div class=\"elementor-widget-wrap elementor-element-populated\">\n\t\t\t\t\t\t\t\t<div class=\"elementor-element elementor-element-22197d1 elementor-widget elementor-widget-gallery\" data-id=\"22197d1\" data-element_type=\"widget\" data-settings=\"{&quot;gallery_layout&quot;:&quot;masonry&quot;,&quot;columns&quot;:2,&quot;lazyload&quot;:&quot;yes&quot;,&quot;columns_tablet&quot;:2,&quot;columns_mobile&quot;:1,&quot;gap&quot;:{&quot;unit&quot;:&quot;px&quot;,&quot;size&quot;:10,&quot;sizes&quot;:[]},&quot;gap_tablet&quot;:{&quot;unit&quot;:&quot;px&quot;,&quot;size&quot;:10,&quot;sizes&quot;:[]},&quot;gap_mobile&quot;:{&quot;unit&quot;:&quot;px&quot;,&quot;size&quot;:10,&quot;sizes&quot;:[]},&quot;link_to&quot;:&quot;file&quot;,&quot;overlay_background&quot;:&quot;yes&quot;,&quot;content_hover_animation&quot;:&quot;fade-in&quot;}\" data-widget_type=\"gallery.default\">\n\t\t\t\t<div class=\"elementor-widget-container\">\n\t\t\t\t\t<div class=\"elementor-gallery__container\">\n\t\t\t\t\t\t\t<a class=\"e-gallery-item elementor-gallery-item elementor-animated-content\" href=\"http:\/\/argozoo.lv\/wp-content\/uploads\/2021\/08\/\u042f-\u0438-\u0424\u0440\u0435\u0437\u0438\u044f.jpg\" data-elementor-open-lightbox=\"yes\" data-elementor-lightbox-slideshow=\"all-22197d1\" data-elementor-lightbox-title=\"\u042f \u0438 \u0424\u0440\u0435\u0437\u0438\u044f\">\n\t\t\t\t\t<div class=\"e-gallery-image elementor-gallery-item__image\" data-thumbnail=\"http:\/\/argozoo.lv\/wp-content\/uploads\/2021\/08\/\u042f-\u0438-\u0424\u0440\u0435\u0437\u0438\u044f-1024x683.jpg\" data-width=\"1024\" data-height=\"683\" alt=\"\" ><\/div>\n\t\t\t\t\t\t\t\t\t\t<div class=\"elementor-gallery-item__overlay\"><\/div>\n\t\t\t\t\t\t\t\t\t\t\t\t\t\t<\/a>\n\t\t\t\t\t\t\t<a class=\"e-gallery-item elementor-gallery-item elementor-animated-content\" href=\"http:\/\/argozoo.lv\/wp-content\/uploads\/2021\/08\/b19-1.png\" data-elementor-open-lightbox=\"yes\" data-elementor-lightbox-slideshow=\"all-22197d1\" data-elementor-lightbox-title=\"b19 (1)\">\n\t\t\t\t\t<div class=\"e-gallery-image elementor-gallery-item__image\" data-thumbnail=\"http:\/\/argozoo.lv\/wp-content\/uploads\/2021\/08\/b19-1-1024x697.png\" data-width=\"1024\" data-height=\"697\" alt=\"\" ><\/div>\n\t\t\t\t\t\t\t\t\t\t<div class=\"elementor-gallery-item__overlay\"><\/div>\n\t\t\t\t\t\t\t\t\t\t\t\t\t\t<\/a>\n\t\t\t\t\t\t\t<a class=\"e-gallery-item elementor-gallery-item elementor-animated-content\" href=\"http:\/\/argozoo.lv\/wp-content\/uploads\/2021\/08\/IMG_7545-scaled.jpg\" data-elementor-open-lightbox=\"yes\" data-elementor-lightbox-slideshow=\"all-22197d1\" data-elementor-lightbox-title=\"IMG_7545\">\n\t\t\t\t\t<div class=\"e-gallery-image elementor-gallery-item__image\" data-thumbnail=\"http:\/\/argozoo.lv\/wp-content\/uploads\/2021\/08\/IMG_7545-1024x683.jpg\" data-width=\"1024\" data-height=\"683\" alt=\"\" ><\/div>\n\t\t\t\t\t\t\t\t\t\t<div class=\"elementor-gallery-item__overlay\"><\/div>\n\t\t\t\t\t\t\t\t\t\t\t\t\t\t<\/a>\n\t\t\t\t\t\t\t<a class=\"e-gallery-item elementor-gallery-item elementor-animated-content\" href=\"http:\/\/argozoo.lv\/wp-content\/uploads\/2021\/08\/IMG_7458-3-scaled.jpg\" data-elementor-open-lightbox=\"yes\" data-elementor-lightbox-slideshow=\"all-22197d1\" data-elementor-lightbox-title=\"IMG_7458 (3)\">\n\t\t\t\t\t<div class=\"e-gallery-image elementor-gallery-item__image\" data-thumbnail=\"http:\/\/argozoo.lv\/wp-content\/uploads\/2021\/08\/IMG_7458-3-1024x790.jpg\" data-width=\"1024\" data-height=\"790\" alt=\"\" ><\/div>\n\t\t\t\t\t\t\t\t\t\t<div class=\"elementor-gallery-item__overlay\"><\/div>\n\t\t\t\t\t\t\t\t\t\t\t\t\t\t<\/a>\n\t\t\t\t\t<\/div>\n\t\t\t<\/div>\n\t\t\t\t<\/div>\n\t\t\t\t\t<\/div>\n\t\t<\/div>\n\t\t\t\t\t\t\t<\/div>\n\t\t<\/section>\n\t\t\t\t<section class=\"elementor-section elementor-top-section elementor-element elementor-element-e0653e6 elementor-section-boxed elementor-section-height-default elementor-section-height-default\" data-id=\"e0653e6\" data-element_type=\"section\">\n\t\t\t\t\t\t<div class=\"elementor-container elementor-column-gap-default\">\n\t\t\t\t\t<div class=\"elementor-column elementor-col-100 elementor-top-column elementor-element elementor-element-6a5c891\" data-id=\"6a5c891\" data-element_type=\"column\">\n\t\t\t<div class=\"elementor-widget-wrap elementor-element-populated\">\n\t\t\t\t\t\t\t\t<div class=\"elementor-element elementor-element-146eb54 elementor-widget elementor-widget-heading\" data-id=\"146eb54\" data-element_type=\"widget\" data-widget_type=\"heading.default\">\n\t\t\t\t<div class=\"elementor-widget-container\">\n\t\t\t<h2 class=\"elementor-heading-title elementor-size-default\">\u0160obr\u012bd argozoo.lv jusu m\u0101jas m\u012blu\u013ciem pied\u0101v\u0101 ga\u013cas izstr\u0101d\u0101jumus, rota\u013clietas un \u012bpa\u0161us dz\u012bvnieku pakl\u0101ji\u0146us. N\u0101kotn\u0113m\u016bsu veikala asortiments pak\u0101peniski papla\u0161in\u0101sies.<br>\n <br><br>Visi kop\u0101 cent\u012bsimies, lai J\u016bsu m\u0101jas m\u012blulis b\u016btu priec\u012bgs un apmierin\u0101ts!<\/h2>\t\t<\/div>\n\t\t\t\t<\/div>\n\t\t\t\t\t<\/div>\n\t\t<\/div>\n\t\t\t\t\t\t\t<\/div>\n\t\t<\/section>\n\t\t\t\t\t\t<\/div>\n\t\t\t\t\t<\/div>\n\t\t","protected":false},"excerpt":{"rendered":"<p>Ar zoopre\u010du tirdzniec\u012bbu nodarbojamies kop\u0161 2007. gada, kad, gandr\u012bz vienlaic\u012bgi ar m\u016bsu pirm\u0101 Bernes ganu su\u0146a ien\u0101k\u0161anu \u0123imen\u0113, rad\u0101s ar\u012b ideja par neliela \u0123imenes biznesa &#8211; zooveikala atv\u0113r\u0161anu. Gadiem ejot m\u016bsu \u0123imenes m\u012blest\u012bba uz Bernes ganu su\u0146iem ir izaugusi l\u012bdz \u0161is fantastisk\u0101s \u0161\u0137irnes audz\u0113tavai Pride Adorable. Kop\u0101 ar m\u016bsu audz\u0113tavas att\u012bst\u012bbu, ir audzis ar\u012b \u0123imenes &hellip;<\/p>\n<p class=\"read-more\"> <a class=\"\" href=\"http:\/\/argozoo.lv\/?page_id=17\"> <span class=\"screen-reader-text\">Par mums<\/span> Read More &raquo;<\/a><\/p>\n","protected":false},"author":1,"featured_media":0,"parent":0,"menu_order":0,"comment_status":"closed","ping_status":"closed","template":"","meta":{"footnotes":""},"class_list":["post-17","page","type-page","status-publish","hentry"],"_links":{"self":[{"href":"http:\/\/argozoo.lv\/index.php?rest_route=\/wp\/v2\/pages\/17","targetHints":{"allow":["GET"]}}],"collection":[{"href":"http:\/\/argozoo.lv\/index.php?rest_route=\/wp\/v2\/pages"}],"about":[{"href":"http:\/\/argozoo.lv\/index.php?rest_route=\/wp\/v2\/types\/page"}],"author":[{"embeddable":true,"href":"http:\/\/argozoo.lv\/index.php?rest_route=\/wp\/v2\/users\/1"}],"replies":[{"embeddable":true,"href":"http:\/\/argozoo.lv\/index.php?rest_route=%2Fwp%2Fv2%2Fcomments&post=17"}],"version-history":[{"count":31,"href":"http:\/\/argozoo.lv\/index.php?rest_route=\/wp\/v2\/pages\/17\/revisions"}],"predecessor-version":[{"id":1968,"href":"http:\/\/argozoo.lv\/index.php?rest_route=\/wp\/v2\/pages\/17\/revisions\/1968"}],"wp:attachment":[{"href":"http:\/\/argozoo.lv\/index.php?rest_route=%2Fwp%2Fv2%2Fmedia&parent=17"}],"curies":[{"name":"wp","href":"https:\/\/api.w.org\/{rel}","templated":true}]}}