{"id":18,"date":"2021-07-16T22:27:07","date_gmt":"2021-07-16T22:27:07","guid":{"rendered":"http:\/\/argozoo.lv\/?page_id=18"},"modified":"2025-08-18T08:58:10","modified_gmt":"2025-08-18T08:58:10","slug":"akcijas","status":"publish","type":"page","link":"http:\/\/argozoo.lv\/?page_id=18","title":{"rendered":"Akcijas"},"content":{"rendered":"<h2>Galven\u0101 sezonas akcija!<\/h2>\n<p>Past\u0101v\u012bgajiem klientiem pas\u016bt\u012bjumiem virs 100 eur atlaide 5 %<\/p>\n\n\n<p><\/p>\n","protected":false},"excerpt":{"rendered":"<p>Galven\u0101 sezonas akcija! Past\u0101v\u012bgajiem klientiem pas\u016bt\u012bjumiem virs 100 eur atlaide 5 %<\/p>\n","protected":false},"author":1,"featured_media":0,"parent":0,"menu_order":0,"comment_status":"closed","ping_status":"closed","template":"","meta":{"footnotes":""},"class_list":["post-18","page","type-page","status-publish","hentry"],"_links":{"self":[{"href":"http:\/\/argozoo.lv\/index.php?rest_route=\/wp\/v2\/pages\/18","targetHints":{"allow":["GET"]}}],"collection":[{"href":"http:\/\/argozoo.lv\/index.php?rest_route=\/wp\/v2\/pages"}],"about":[{"href":"http:\/\/argozoo.lv\/index.php?rest_route=\/wp\/v2\/types\/page"}],"author":[{"embeddable":true,"href":"http:\/\/argozoo.lv\/index.php?rest_route=\/wp\/v2\/users\/1"}],"replies":[{"embeddable":true,"href":"http:\/\/argozoo.lv\/index.php?rest_route=%2Fwp%2Fv2%2Fcomments&post=18"}],"version-history":[{"count":14,"href":"http:\/\/argozoo.lv\/index.php?rest_route=\/wp\/v2\/pages\/18\/revisions"}],"predecessor-version":[{"id":1958,"href":"http:\/\/argozoo.lv\/index.php?rest_route=\/wp\/v2\/pages\/18\/revisions\/1958"}],"wp:attachment":[{"href":"http:\/\/argozoo.lv\/index.php?rest_route=%2Fwp%2Fv2%2Fmedia&parent=18"}],"curies":[{"name":"wp","href":"https:\/\/api.w.org\/{rel}","templated":true}]}}