{"id":19,"date":"2021-07-16T22:27:07","date_gmt":"2021-07-16T22:27:07","guid":{"rendered":"http:\/\/argozoo.lv\/?page_id=19"},"modified":"2021-08-28T16:35:55","modified_gmt":"2021-08-28T16:35:55","slug":"piegade","status":"publish","type":"page","link":"http:\/\/argozoo.lv\/?page_id=19","title":{"rendered":"Pieg\u0101de"},"content":{"rendered":"\t\t<div data-elementor-type=\"wp-page\" data-elementor-id=\"19\" class=\"elementor elementor-19\" data-elementor-settings=\"[]\">\n\t\t\t\t\t\t\t<div class=\"elementor-section-wrap\">\n\t\t\t\t\t\t\t<section class=\"elementor-section elementor-top-section elementor-element elementor-element-e8c7846 elementor-section-boxed elementor-section-height-default elementor-section-height-default\" data-id=\"e8c7846\" data-element_type=\"section\">\n\t\t\t\t\t\t<div class=\"elementor-container elementor-column-gap-default\">\n\t\t\t\t\t<div class=\"elementor-column elementor-col-100 elementor-top-column elementor-element elementor-element-f082366\" data-id=\"f082366\" data-element_type=\"column\">\n\t\t\t<div class=\"elementor-widget-wrap elementor-element-populated\">\n\t\t\t\t\t\t\t\t<div class=\"elementor-element elementor-element-f9028fc elementor-widget elementor-widget-heading\" data-id=\"f9028fc\" data-element_type=\"widget\" data-widget_type=\"heading.default\">\n\t\t\t\t<div class=\"elementor-widget-container\">\n\t\t\t<h2 class=\"elementor-heading-title elementor-size-default\">Zem\u0101k var\u0113siet iepaz\u012bties ar pieg\u0101des noteikumiem:<\/h2>\t\t<\/div>\n\t\t\t\t<\/div>\n\t\t\t\t\t<\/div>\n\t\t<\/div>\n\t\t\t\t\t\t\t<\/div>\n\t\t<\/section>\n\t\t\t\t<section class=\"elementor-section elementor-top-section elementor-element elementor-element-d19c1db elementor-section-boxed elementor-section-height-default elementor-section-height-default\" data-id=\"d19c1db\" data-element_type=\"section\">\n\t\t\t\t\t\t<div class=\"elementor-container elementor-column-gap-default\">\n\t\t\t\t\t<div class=\"elementor-column elementor-col-100 elementor-top-column elementor-element elementor-element-5c7896e\" data-id=\"5c7896e\" data-element_type=\"column\">\n\t\t\t<div class=\"elementor-widget-wrap elementor-element-populated\">\n\t\t\t\t\t\t\t\t<div class=\"elementor-element elementor-element-a9bec04 elementor-widget elementor-widget-heading\" data-id=\"a9bec04\" data-element_type=\"widget\" data-widget_type=\"heading.default\">\n\t\t\t\t<div class=\"elementor-widget-container\">\n\t\t\t<h2 class=\"elementor-heading-title elementor-size-default\">1. Pas\u016btot ga\u013cu, pieg\u0101de b\u016bs realiz\u0113ta individu\u0101li, iepriek\u0161 vienojoties par Jums \u0113rt\u0101ko laiku un datumu ar kurjeru. <br>Lai pieteiktu pieg\u0101di, l\u016bdzu spiediet \u0161eit -&gt;<br>Pas\u016bt\u012bjuma form\u0101 atst\u0101jiet savus kontaktus, un ar Jums sazin\u0101sies tuv\u0101kaj\u0101 laik\u0101<br><br>2. Pas\u016btot citas preces, pieg\u0101de tiek veikta caur Omniva pakom\u0101tu. Pas\u016bt\u012bjuma form\u0101 pie koment\u0101riem l\u016bdzu preciz\u0113t adresi, un preces var\u0113siet sa\u0146emt tuv\u0101kaj\u0101 Omniva pakom\u0101t\u0101!<br><br>3. Pas\u016btot ga\u013cu kop\u0101 ar cita tipa prec\u0113m, pieg\u0101de ar\u012b b\u016bs realiz\u0113ta individu\u0101li<\/h2>\t\t<\/div>\n\t\t\t\t<\/div>\n\t\t\t\t\t<\/div>\n\t\t<\/div>\n\t\t\t\t\t\t\t<\/div>\n\t\t<\/section>\n\t\t\t\t<section class=\"elementor-section elementor-top-section elementor-element elementor-element-b26eb94 elementor-section-boxed elementor-section-height-default elementor-section-height-default\" data-id=\"b26eb94\" data-element_type=\"section\">\n\t\t\t\t\t\t<div class=\"elementor-container elementor-column-gap-default\">\n\t\t\t\t\t<div class=\"elementor-column elementor-col-100 elementor-top-column elementor-element elementor-element-834c34f\" data-id=\"834c34f\" data-element_type=\"column\">\n\t\t\t<div class=\"elementor-widget-wrap elementor-element-populated\">\n\t\t\t\t\t\t\t\t<div class=\"elementor-element elementor-element-c916b9f elementor-widget elementor-widget-heading\" data-id=\"c916b9f\" data-element_type=\"widget\" data-widget_type=\"heading.default\">\n\t\t\t\t<div class=\"elementor-widget-container\">\n\t\t\t<h2 class=\"elementor-heading-title elementor-size-default\">Vair\u0101k inform\u0101cijas:<br>info@argozoo.lv<br>+37129590405<\/h2>\t\t<\/div>\n\t\t\t\t<\/div>\n\t\t\t\t\t<\/div>\n\t\t<\/div>\n\t\t\t\t\t\t\t<\/div>\n\t\t<\/section>\n\t\t\t\t\t\t<\/div>\n\t\t\t\t\t<\/div>\n\t\t","protected":false},"excerpt":{"rendered":"<p>Zem\u0101k var\u0113siet iepaz\u012bties ar pieg\u0101des noteikumiem: 1. Pas\u016btot ga\u013cu, pieg\u0101de b\u016bs realiz\u0113ta individu\u0101li, iepriek\u0161 vienojoties par Jums \u0113rt\u0101ko laiku un datumu ar kurjeru. Lai pieteiktu pieg\u0101di, l\u016bdzu spiediet \u0161eit -&gt;Pas\u016bt\u012bjuma form\u0101 atst\u0101jiet savus kontaktus, un ar Jums sazin\u0101sies tuv\u0101kaj\u0101 laik\u0101 2. Pas\u016btot citas preces, pieg\u0101de tiek veikta caur Omniva pakom\u0101tu. Pas\u016bt\u012bjuma form\u0101 pie koment\u0101riem l\u016bdzu &hellip;<\/p>\n<p class=\"read-more\"> <a class=\"\" href=\"http:\/\/argozoo.lv\/?page_id=19\"> <span class=\"screen-reader-text\">Pieg\u0101de<\/span> Read More &raquo;<\/a><\/p>\n","protected":false},"author":1,"featured_media":0,"parent":0,"menu_order":0,"comment_status":"closed","ping_status":"closed","template":"","meta":{"footnotes":""},"class_list":["post-19","page","type-page","status-publish","hentry"],"_links":{"self":[{"href":"http:\/\/argozoo.lv\/index.php?rest_route=\/wp\/v2\/pages\/19","targetHints":{"allow":["GET"]}}],"collection":[{"href":"http:\/\/argozoo.lv\/index.php?rest_route=\/wp\/v2\/pages"}],"about":[{"href":"http:\/\/argozoo.lv\/index.php?rest_route=\/wp\/v2\/types\/page"}],"author":[{"embeddable":true,"href":"http:\/\/argozoo.lv\/index.php?rest_route=\/wp\/v2\/users\/1"}],"replies":[{"embeddable":true,"href":"http:\/\/argozoo.lv\/index.php?rest_route=%2Fwp%2Fv2%2Fcomments&post=19"}],"version-history":[{"count":13,"href":"http:\/\/argozoo.lv\/index.php?rest_route=\/wp\/v2\/pages\/19\/revisions"}],"predecessor-version":[{"id":512,"href":"http:\/\/argozoo.lv\/index.php?rest_route=\/wp\/v2\/pages\/19\/revisions\/512"}],"wp:attachment":[{"href":"http:\/\/argozoo.lv\/index.php?rest_route=%2Fwp%2Fv2%2Fmedia&parent=19"}],"curies":[{"name":"wp","href":"https:\/\/api.w.org\/{rel}","templated":true}]}}