{"id":1190,"date":"2023-06-02T10:53:00","date_gmt":"2023-06-02T10:53:00","guid":{"rendered":"https:\/\/argozoo.lv\/?post_type=product&#038;p=1190"},"modified":"2025-10-20T07:43:50","modified_gmt":"2025-10-20T07:43:50","slug":"liellopa-ausis-2-gab","status":"publish","type":"product","link":"http:\/\/argozoo.lv\/?product=liellopa-ausis-2-gab","title":{"rendered":"Liellopa ausis (2 gab)"},"content":{"rendered":"<p>P\u0113c atlaidin\u0101\u0161anas uzglab\u0101t ne augst\u0101k k\u0101 +7C, izlietot 24 stundu laik\u0101. P\u0113c saskares ar produktu nomazg\u0101t rokas ar ziep\u0113m.<\/p>\n","protected":false},"excerpt":{"rendered":"<p>Cena nor\u0101d\u012bta par 1 kg.<\/p>\n<p>Bar\u012bbas sastavda\u013cas &#8211; 100% liellopu ausis<\/p>\n<p>&nbsp;<\/p>\n","protected":false},"featured_media":1191,"comment_status":"open","ping_status":"closed","template":"","meta":[],"product_cat":[27,28],"product_tag":[],"class_list":{"0":"post-1190","1":"product","2":"type-product","3":"status-publish","4":"has-post-thumbnail","6":"product_cat-gala","7":"product_cat-liellops","9":"first","10":"instock","11":"shipping-taxable","12":"purchasable","13":"product-type-simple"},"_links":{"self":[{"href":"http:\/\/argozoo.lv\/index.php?rest_route=\/wp\/v2\/product\/1190","targetHints":{"allow":["GET"]}}],"collection":[{"href":"http:\/\/argozoo.lv\/index.php?rest_route=\/wp\/v2\/product"}],"about":[{"href":"http:\/\/argozoo.lv\/index.php?rest_route=\/wp\/v2\/types\/product"}],"replies":[{"embeddable":true,"href":"http:\/\/argozoo.lv\/index.php?rest_route=%2Fwp%2Fv2%2Fcomments&post=1190"}],"wp:featuredmedia":[{"embeddable":true,"href":"http:\/\/argozoo.lv\/index.php?rest_route=\/wp\/v2\/media\/1191"}],"wp:attachment":[{"href":"http:\/\/argozoo.lv\/index.php?rest_route=%2Fwp%2Fv2%2Fmedia&parent=1190"}],"wp:term":[{"taxonomy":"product_cat","embeddable":true,"href":"http:\/\/argozoo.lv\/index.php?rest_route=%2Fwp%2Fv2%2Fproduct_cat&post=1190"},{"taxonomy":"product_tag","embeddable":true,"href":"http:\/\/argozoo.lv\/index.php?rest_route=%2Fwp%2Fv2%2Fproduct_tag&post=1190"}],"curies":[{"name":"wp","href":"https:\/\/api.w.org\/{rel}","templated":true}]}}