{"id":1192,"date":"2023-06-02T11:03:57","date_gmt":"2023-06-02T11:03:57","guid":{"rendered":"https:\/\/argozoo.lv\/?post_type=product&#038;p=1192"},"modified":"2025-08-07T08:02:54","modified_gmt":"2025-08-07T08:02:54","slug":"liellops-ar-subproduktiem","status":"publish","type":"product","link":"http:\/\/argozoo.lv\/?product=liellops-ar-subproduktiem","title":{"rendered":"Liellops ar subproduktiem"},"content":{"rendered":"","protected":false},"excerpt":{"rendered":"<p>cena nor\u0101d\u012bta par 1 kg.<\/p>\n<p lang=\"en-US\"><span style=\"font-size: 16px; font-style: normal; font-weight: 400;\">Bar\u012bbas<\/span><span style=\"font-size: 16px; font-style: normal; font-weight: 400;\">\u00a0<\/span>sastavda\u013cas \u2013 Liel<span style=\"font-size: 16px;\">lopu ga\u013ca 76%, liellopu aknas 6%, liellopu plau\u0161as 6%, liellopu tauki 6%, liellopu nieres 3%, liellopu liesas 3 %<\/span><\/p>\n<p lang=\"en-US\">Uzturv\u0113rt\u012bba \u2013 kopprote\u012bns &gt;10%, lope\u013c\u013cas un tauki &gt;5%, mitrums&gt;8%<\/p>\n<p>&nbsp;<\/p>\n","protected":false},"featured_media":1193,"comment_status":"open","ping_status":"closed","template":"","meta":[],"product_cat":[27],"product_tag":[],"class_list":{"0":"post-1192","1":"product","2":"type-product","3":"status-publish","4":"has-post-thumbnail","6":"product_cat-gala","8":"first","9":"outofstock","10":"shipping-taxable","11":"purchasable","12":"product-type-simple"},"_links":{"self":[{"href":"http:\/\/argozoo.lv\/index.php?rest_route=\/wp\/v2\/product\/1192","targetHints":{"allow":["GET"]}}],"collection":[{"href":"http:\/\/argozoo.lv\/index.php?rest_route=\/wp\/v2\/product"}],"about":[{"href":"http:\/\/argozoo.lv\/index.php?rest_route=\/wp\/v2\/types\/product"}],"replies":[{"embeddable":true,"href":"http:\/\/argozoo.lv\/index.php?rest_route=%2Fwp%2Fv2%2Fcomments&post=1192"}],"wp:featuredmedia":[{"embeddable":true,"href":"http:\/\/argozoo.lv\/index.php?rest_route=\/wp\/v2\/media\/1193"}],"wp:attachment":[{"href":"http:\/\/argozoo.lv\/index.php?rest_route=%2Fwp%2Fv2%2Fmedia&parent=1192"}],"wp:term":[{"taxonomy":"product_cat","embeddable":true,"href":"http:\/\/argozoo.lv\/index.php?rest_route=%2Fwp%2Fv2%2Fproduct_cat&post=1192"},{"taxonomy":"product_tag","embeddable":true,"href":"http:\/\/argozoo.lv\/index.php?rest_route=%2Fwp%2Fv2%2Fproduct_tag&post=1192"}],"curies":[{"name":"wp","href":"https:\/\/api.w.org\/{rel}","templated":true}]}}