{"id":1194,"date":"2023-06-02T11:14:42","date_gmt":"2023-06-02T11:14:42","guid":{"rendered":"https:\/\/argozoo.lv\/?post_type=product&#038;p=1194"},"modified":"2026-03-11T20:32:45","modified_gmt":"2026-03-11T20:32:45","slug":"jers-ar-subproduktiem","status":"publish","type":"product","link":"http:\/\/argozoo.lv\/?product=jers-ar-subproduktiem","title":{"rendered":"J\u0113rs ar subproduktiem"},"content":{"rendered":"","protected":false},"excerpt":{"rendered":"<p>cena nor\u0101d\u012bta par 1 kg<\/p>\n<p>bar\u012bbas sastavda\u013cas &#8211; j\u0113ra ga\u013cas atgriezumi 70 %, trahejas 10 %, bar\u012bbas vadi 10 %, liesa 10 %<\/p>\n","protected":false},"featured_media":1195,"comment_status":"open","ping_status":"closed","template":"","meta":[],"product_cat":[27],"product_tag":[],"class_list":{"0":"post-1194","1":"product","2":"type-product","3":"status-publish","4":"has-post-thumbnail","6":"product_cat-gala","8":"first","9":"outofstock","10":"shipping-taxable","11":"purchasable","12":"product-type-simple"},"_links":{"self":[{"href":"http:\/\/argozoo.lv\/index.php?rest_route=\/wp\/v2\/product\/1194","targetHints":{"allow":["GET"]}}],"collection":[{"href":"http:\/\/argozoo.lv\/index.php?rest_route=\/wp\/v2\/product"}],"about":[{"href":"http:\/\/argozoo.lv\/index.php?rest_route=\/wp\/v2\/types\/product"}],"replies":[{"embeddable":true,"href":"http:\/\/argozoo.lv\/index.php?rest_route=%2Fwp%2Fv2%2Fcomments&post=1194"}],"wp:featuredmedia":[{"embeddable":true,"href":"http:\/\/argozoo.lv\/index.php?rest_route=\/wp\/v2\/media\/1195"}],"wp:attachment":[{"href":"http:\/\/argozoo.lv\/index.php?rest_route=%2Fwp%2Fv2%2Fmedia&parent=1194"}],"wp:term":[{"taxonomy":"product_cat","embeddable":true,"href":"http:\/\/argozoo.lv\/index.php?rest_route=%2Fwp%2Fv2%2Fproduct_cat&post=1194"},{"taxonomy":"product_tag","embeddable":true,"href":"http:\/\/argozoo.lv\/index.php?rest_route=%2Fwp%2Fv2%2Fproduct_tag&post=1194"}],"curies":[{"name":"wp","href":"https:\/\/api.w.org\/{rel}","templated":true}]}}