{"id":1217,"date":"2023-06-02T15:41:50","date_gmt":"2023-06-02T15:41:50","guid":{"rendered":"https:\/\/argozoo.lv\/?post_type=product&#038;p=1217"},"modified":"2025-08-07T08:01:04","modified_gmt":"2025-08-07T08:01:04","slug":"grain-free-pavo-adult-titars-2-kg","status":"publish","type":"product","link":"http:\/\/argozoo.lv\/?product=grain-free-pavo-adult-titars-2-kg","title":{"rendered":"Grain-free PAVO Adult (t\u012btars bezgraudu) 2 kg"},"content":{"rendered":"<p><strong>K\u0101 to sagatavot &#8211; <\/strong>Ieberiet ieteicamo daudzumu trauk\u0101 (l\u016bdzu, p\u0101rbaudiet ieteicamo porciju lieluma tabulu) Pievienojiet karstu \u016bdeni (uz pusi maz\u0101k ka iebert\u0101 produkta daudzums). K\u0101rt\u012bgi samaisiet un \u013caujiet past\u0101v\u0113t 10 min\u016btes.<\/p>\n<p><strong>Sast\u0101vs<\/strong> &#8211; Dehidr\u0113ta t\u012btara ga\u013ca (73,5%), dehidr\u0113ti aug\u013ci un d\u0101rze\u0146i 11,5%( \u0137irbis, burk\u0101ni, cuk\u012bni, \u0101boli un dz\u0113rvene), t\u012btara tauki (7%), t\u012btara sirds (3%), olu \u010daumalu pulveris (3%), mencu aknu\u00a0 e\u013c\u013ca, j\u016brasz\u0101les ( ascophyllum nodosum), Bacillus velezensis (DSM 15544) 1&#215;10 palielin\u0101ts l\u012bdz 9 KVV\/g, za\u013c\u0101s gliemenes ekstrakts , olas membr\u0101na un rozmar\u012bna ekstrakts.<\/p>\n<p><strong>Anal\u012btisk\u0101s komponentes &#8211;<\/strong><\/p>\n<p>Ener\u0123\u0113tisk\u0101 v\u0113rt\u012bba: 410 kcal\/100 g<\/p>\n<p>Kopprote\u012bns: 47%<\/p>\n<p>Koptauki: 22%<\/p>\n<p>Mitrums: 12%<\/p>\n<p>Neorganisk\u0101s vielas: 3,87%<\/p>\n<p>Kop\u0161\u0137iedra: 1,5%<\/p>\n<p>Kalcijs: 1,20%<\/p>\n<p>Fosfors: 0,58%<\/p>\n<p>N\u0101trijs: 0,27%<\/p>\n","protected":false},"excerpt":{"rendered":"<p class=\"p1\">Dab\u012bga, pilnv\u0113rt\u012bga bar\u012bba ar t\u012btaru (bezgraudu) visu \u0161\u0137ir\u0146u <strong>pieaugu\u0161iem su\u0146iem .<\/strong><\/p>\n<p class=\"p1\"><strong>Recepte, kas pagatavota no augst\u0101k\u0101s kvalit\u0101tes svaig\u0101m sast\u0101vda\u013c\u0101m, bez dz\u012bvnieku miltiem.\u00a0<\/strong> Katra sast\u0101vda\u013ca tiek sasmalcin\u0101ta un\u00a0 sagatavota atsevi\u0161\u0137i ar aukst\u0101s dehidr\u0101cijas metodi,\u00a0 lai t\u0101s tiktu pareizi saglab\u0101tas, un p\u0113c tam apvienotas.<\/p>\n<p class=\"p1\"><strong>Nesatur \u0137\u012bmiskus konservantus, kr\u0101svielas vai aromatiz\u0113t\u0101jus.<\/strong><\/p>\n<p class=\"p1\"><strong>\u00a0HIPOALER\u0122\u0112NS\u00a0<\/strong><\/p>\n<p><strong>BEZ GLUT\u0112NA FORMULA<\/strong><\/p>\n<p class=\"p1\">2 kg AltuDog dehidr\u0113tas su\u0146u bar\u012bbas ir l\u012bdzv\u0113rt\u012bga 8 kg augst\u0101k\u0101s kvalit\u0101tes svaigas bar\u012bbas.<\/p>\n<p class=\"p1\">Svars: 2 kg<\/p>\n<p class=\"p1\">Der\u012bguma termi\u0146\u0161 beidzas 4 m\u0113ne\u0161us p\u0113c ra\u017eo\u0161anas datuma. P\u0113c atv\u0113r\u0161anas uzglab\u0101t ledusskap\u012b 25 dienas.<\/p>\n<p>&nbsp;<\/p>\n","protected":false},"featured_media":1706,"comment_status":"open","ping_status":"closed","template":"","meta":[],"product_cat":[46],"product_tag":[],"class_list":{"0":"post-1217","1":"product","2":"type-product","3":"status-publish","4":"has-post-thumbnail","6":"product_cat-bariba","8":"first","9":"outofstock","10":"shipping-taxable","11":"purchasable","12":"product-type-simple"},"_links":{"self":[{"href":"http:\/\/argozoo.lv\/index.php?rest_route=\/wp\/v2\/product\/1217","targetHints":{"allow":["GET"]}}],"collection":[{"href":"http:\/\/argozoo.lv\/index.php?rest_route=\/wp\/v2\/product"}],"about":[{"href":"http:\/\/argozoo.lv\/index.php?rest_route=\/wp\/v2\/types\/product"}],"replies":[{"embeddable":true,"href":"http:\/\/argozoo.lv\/index.php?rest_route=%2Fwp%2Fv2%2Fcomments&post=1217"}],"wp:featuredmedia":[{"embeddable":true,"href":"http:\/\/argozoo.lv\/index.php?rest_route=\/wp\/v2\/media\/1706"}],"wp:attachment":[{"href":"http:\/\/argozoo.lv\/index.php?rest_route=%2Fwp%2Fv2%2Fmedia&parent=1217"}],"wp:term":[{"taxonomy":"product_cat","embeddable":true,"href":"http:\/\/argozoo.lv\/index.php?rest_route=%2Fwp%2Fv2%2Fproduct_cat&post=1217"},{"taxonomy":"product_tag","embeddable":true,"href":"http:\/\/argozoo.lv\/index.php?rest_route=%2Fwp%2Fv2%2Fproduct_tag&post=1217"}],"curies":[{"name":"wp","href":"https:\/\/api.w.org\/{rel}","templated":true}]}}