{"id":139,"date":"2021-08-24T19:16:04","date_gmt":"2021-08-24T19:16:04","guid":{"rendered":"https:\/\/argozoo.lv\/?post_type=product&#038;p=139"},"modified":"2023-06-02T10:57:26","modified_gmt":"2023-06-02T10:57:26","slug":"liellopa-sirdis","status":"publish","type":"product","link":"http:\/\/argozoo.lv\/?product=liellopa-sirdis","title":{"rendered":"Liellopa sirdis"},"content":{"rendered":"<p lang=\"en-US\">P\u0113c atlaidin\u0101\u0161anas uzglab\u0101t ne augst\u0101k k\u0101 +7C, izlietot 24 stundu laik\u0101. P\u0113c saskares ar produktu nomazg\u0101t rokas ar ziep\u0113m.<\/p>\n","protected":false},"excerpt":{"rendered":"<p lang=\"en-US\"><span style=\"font-size: 16px; font-style: normal; font-weight: 400;\">cena nor\u0101d\u012bta par 1 kg<\/span><\/p>\n<p lang=\"en-US\">Bar\u012bbas sastavda\u013cas \u2013 liellopa sirdis 100%<\/p>\n","protected":false},"featured_media":140,"comment_status":"open","ping_status":"closed","template":"","meta":[],"product_cat":[27,28],"product_tag":[],"class_list":{"0":"post-139","1":"product","2":"type-product","3":"status-publish","4":"has-post-thumbnail","6":"product_cat-gala","7":"product_cat-liellops","9":"first","10":"instock","11":"shipping-taxable","12":"purchasable","13":"product-type-simple"},"_links":{"self":[{"href":"http:\/\/argozoo.lv\/index.php?rest_route=\/wp\/v2\/product\/139","targetHints":{"allow":["GET"]}}],"collection":[{"href":"http:\/\/argozoo.lv\/index.php?rest_route=\/wp\/v2\/product"}],"about":[{"href":"http:\/\/argozoo.lv\/index.php?rest_route=\/wp\/v2\/types\/product"}],"replies":[{"embeddable":true,"href":"http:\/\/argozoo.lv\/index.php?rest_route=%2Fwp%2Fv2%2Fcomments&post=139"}],"wp:featuredmedia":[{"embeddable":true,"href":"http:\/\/argozoo.lv\/index.php?rest_route=\/wp\/v2\/media\/140"}],"wp:attachment":[{"href":"http:\/\/argozoo.lv\/index.php?rest_route=%2Fwp%2Fv2%2Fmedia&parent=139"}],"wp:term":[{"taxonomy":"product_cat","embeddable":true,"href":"http:\/\/argozoo.lv\/index.php?rest_route=%2Fwp%2Fv2%2Fproduct_cat&post=139"},{"taxonomy":"product_tag","embeddable":true,"href":"http:\/\/argozoo.lv\/index.php?rest_route=%2Fwp%2Fv2%2Fproduct_tag&post=139"}],"curies":[{"name":"wp","href":"https:\/\/api.w.org\/{rel}","templated":true}]}}