{"id":143,"date":"2021-08-24T19:17:00","date_gmt":"2021-08-24T19:17:00","guid":{"rendered":"https:\/\/argozoo.lv\/?post_type=product&#038;p=143"},"modified":"2025-08-07T08:13:06","modified_gmt":"2025-08-07T08:13:06","slug":"liellopa-desa","status":"publish","type":"product","link":"http:\/\/argozoo.lv\/?product=liellopa-desa","title":{"rendered":"Liellopa desa"},"content":{"rendered":"<p lang=\"en-US\">P\u0113c atlaidin\u0101\u0161anas uzglab\u0101t ne augst\u0101k k\u0101 +7C, izlietot 24 stundu laik\u0101. P\u0113c saskares ar produktu nomazg\u0101t rokas ar ziep\u0113m.<\/p>\n","protected":false},"excerpt":{"rendered":"<p lang=\"en-US\"><span style=\"font-size: 16px; font-style: normal; font-weight: 400;\">cena nor\u0101d\u012bta par 1 kg<\/span><\/p>\n<p lang=\"en-US\"><span style=\"font-size: 16px; font-style: normal; font-weight: 400;\">Bar\u012bbas<\/span><span style=\"font-size: 16px; font-style: normal; font-weight: 400;\">\u00a0<\/span>sastavda\u013cas \u2013 Liel<span style=\"font-size: 16px;\">lopu ga\u013ca 76%, liellopu aknas 6%, liellopu plau\u0161as 6%, liellopu tauki 6%, liellopu nieres 3%, liellopu liesas 3 %<\/span><\/p>\n<p lang=\"en-US\">Uzturv\u0113rt\u012bba \u2013 kopprote\u012bns &gt;10%, lope\u013c\u013cas un tauki &gt;5%, mitrums&gt;8%<\/p>\n","protected":false},"featured_media":144,"comment_status":"closed","ping_status":"closed","template":"","meta":[],"product_cat":[27,28],"product_tag":[],"class_list":{"0":"post-143","1":"product","2":"type-product","3":"status-publish","4":"has-post-thumbnail","6":"product_cat-gala","7":"product_cat-liellops","9":"first","10":"outofstock","11":"shipping-taxable","12":"purchasable","13":"product-type-simple"},"_links":{"self":[{"href":"http:\/\/argozoo.lv\/index.php?rest_route=\/wp\/v2\/product\/143","targetHints":{"allow":["GET"]}}],"collection":[{"href":"http:\/\/argozoo.lv\/index.php?rest_route=\/wp\/v2\/product"}],"about":[{"href":"http:\/\/argozoo.lv\/index.php?rest_route=\/wp\/v2\/types\/product"}],"replies":[{"embeddable":true,"href":"http:\/\/argozoo.lv\/index.php?rest_route=%2Fwp%2Fv2%2Fcomments&post=143"}],"wp:featuredmedia":[{"embeddable":true,"href":"http:\/\/argozoo.lv\/index.php?rest_route=\/wp\/v2\/media\/144"}],"wp:attachment":[{"href":"http:\/\/argozoo.lv\/index.php?rest_route=%2Fwp%2Fv2%2Fmedia&parent=143"}],"wp:term":[{"taxonomy":"product_cat","embeddable":true,"href":"http:\/\/argozoo.lv\/index.php?rest_route=%2Fwp%2Fv2%2Fproduct_cat&post=143"},{"taxonomy":"product_tag","embeddable":true,"href":"http:\/\/argozoo.lv\/index.php?rest_route=%2Fwp%2Fv2%2Fproduct_tag&post=143"}],"curies":[{"name":"wp","href":"https:\/\/api.w.org\/{rel}","templated":true}]}}