{"id":149,"date":"2021-08-24T19:17:58","date_gmt":"2021-08-24T19:17:58","guid":{"rendered":"https:\/\/argozoo.lv\/?post_type=product&#038;p=149"},"modified":"2025-11-06T08:48:27","modified_gmt":"2025-11-06T08:48:27","slug":"liellopa-aste","status":"publish","type":"product","link":"http:\/\/argozoo.lv\/?product=liellopa-aste","title":{"rendered":"Liellopa aste"},"content":{"rendered":"<p>P\u0113c atlaidin\u0101\u0161anas uzglab\u0101t ne augst\u0101k k\u0101 +7C, izlietot 24 stundu laik\u0101. P\u0113c saskares ar produktu nomazg\u0101t rokas ar ziep\u0113m.<\/p>\n","protected":false},"excerpt":{"rendered":"<p lang=\"en-US\">Bar\u012bbas sastavda\u013cas \u2013 liellopa aste 100%<\/p>\n<p>cena nor\u0101d\u012bta par 1 kg<\/p>\n","protected":false},"featured_media":150,"comment_status":"open","ping_status":"closed","template":"","meta":[],"product_cat":[27,28],"product_tag":[],"class_list":{"0":"post-149","1":"product","2":"type-product","3":"status-publish","4":"has-post-thumbnail","6":"product_cat-gala","7":"product_cat-liellops","9":"first","10":"outofstock","11":"shipping-taxable","12":"purchasable","13":"product-type-simple"},"_links":{"self":[{"href":"http:\/\/argozoo.lv\/index.php?rest_route=\/wp\/v2\/product\/149","targetHints":{"allow":["GET"]}}],"collection":[{"href":"http:\/\/argozoo.lv\/index.php?rest_route=\/wp\/v2\/product"}],"about":[{"href":"http:\/\/argozoo.lv\/index.php?rest_route=\/wp\/v2\/types\/product"}],"replies":[{"embeddable":true,"href":"http:\/\/argozoo.lv\/index.php?rest_route=%2Fwp%2Fv2%2Fcomments&post=149"}],"wp:featuredmedia":[{"embeddable":true,"href":"http:\/\/argozoo.lv\/index.php?rest_route=\/wp\/v2\/media\/150"}],"wp:attachment":[{"href":"http:\/\/argozoo.lv\/index.php?rest_route=%2Fwp%2Fv2%2Fmedia&parent=149"}],"wp:term":[{"taxonomy":"product_cat","embeddable":true,"href":"http:\/\/argozoo.lv\/index.php?rest_route=%2Fwp%2Fv2%2Fproduct_cat&post=149"},{"taxonomy":"product_tag","embeddable":true,"href":"http:\/\/argozoo.lv\/index.php?rest_route=%2Fwp%2Fv2%2Fproduct_tag&post=149"}],"curies":[{"name":"wp","href":"https:\/\/api.w.org\/{rel}","templated":true}]}}