{"id":168,"date":"2021-08-25T19:26:06","date_gmt":"2021-08-25T19:26:06","guid":{"rendered":"https:\/\/argozoo.lv\/?post_type=product&#038;p=168"},"modified":"2024-09-23T08:14:44","modified_gmt":"2024-09-23T08:14:44","slug":"rotallieta-pile-lets-fly","status":"publish","type":"product","link":"http:\/\/argozoo.lv\/?product=rotallieta-pile-lets-fly","title":{"rendered":"Rota\u013clieta P\u012ble &#8220;Let&#8217;s fly&#8221;"},"content":{"rendered":"<p>Rota\u013clieta P\u012ble &#8220;Let&#8217;s fly&#8221;<\/p>\n","protected":false},"excerpt":{"rendered":"<p>Rota\u013clieta P\u012ble &#8220;Let&#8217;s fly&#8221;<\/p>\n","protected":false},"featured_media":169,"comment_status":"open","ping_status":"closed","template":"","meta":[],"product_cat":[32],"product_tag":[],"class_list":{"0":"post-168","1":"product","2":"type-product","3":"status-publish","4":"has-post-thumbnail","6":"product_cat-rotallietas","8":"first","9":"instock","10":"shipping-taxable","11":"purchasable","12":"product-type-simple"},"_links":{"self":[{"href":"http:\/\/argozoo.lv\/index.php?rest_route=\/wp\/v2\/product\/168","targetHints":{"allow":["GET"]}}],"collection":[{"href":"http:\/\/argozoo.lv\/index.php?rest_route=\/wp\/v2\/product"}],"about":[{"href":"http:\/\/argozoo.lv\/index.php?rest_route=\/wp\/v2\/types\/product"}],"replies":[{"embeddable":true,"href":"http:\/\/argozoo.lv\/index.php?rest_route=%2Fwp%2Fv2%2Fcomments&post=168"}],"wp:featuredmedia":[{"embeddable":true,"href":"http:\/\/argozoo.lv\/index.php?rest_route=\/wp\/v2\/media\/169"}],"wp:attachment":[{"href":"http:\/\/argozoo.lv\/index.php?rest_route=%2Fwp%2Fv2%2Fmedia&parent=168"}],"wp:term":[{"taxonomy":"product_cat","embeddable":true,"href":"http:\/\/argozoo.lv\/index.php?rest_route=%2Fwp%2Fv2%2Fproduct_cat&post=168"},{"taxonomy":"product_tag","embeddable":true,"href":"http:\/\/argozoo.lv\/index.php?rest_route=%2Fwp%2Fv2%2Fproduct_tag&post=168"}],"curies":[{"name":"wp","href":"https:\/\/api.w.org\/{rel}","templated":true}]}}