{"id":1691,"date":"2025-02-17T12:42:07","date_gmt":"2025-02-17T12:42:07","guid":{"rendered":"https:\/\/argozoo.lv\/?post_type=product&#038;p=1691"},"modified":"2025-02-17T12:42:07","modified_gmt":"2025-02-17T12:42:07","slug":"naskis-tesmenis-gotina-200g","status":"publish","type":"product","link":"http:\/\/argozoo.lv\/?product=naskis-tesmenis-gotina-200g","title":{"rendered":"Na\u0161\u0137is tesmenis &#8220;Goti\u0146a&#8221; 200g"},"content":{"rendered":"<p>Na\u0161\u0137is tesmenis &#8220;Goti\u0146a&#8221; 200g<\/p>\n","protected":false},"excerpt":{"rendered":"<p>Liellopa na\u0161\u0137is tesmenis &#8220;Goti\u0146a&#8221; 200g<\/p>\n<p>ra\u017eots Latvij\u0101<\/p>\n","protected":false},"featured_media":1690,"comment_status":"open","ping_status":"closed","template":"","meta":[],"product_cat":[47],"product_tag":[],"class_list":{"0":"post-1691","1":"product","2":"type-product","3":"status-publish","4":"has-post-thumbnail","6":"product_cat-gardumi","8":"first","9":"instock","10":"shipping-taxable","11":"purchasable","12":"product-type-simple"},"_links":{"self":[{"href":"http:\/\/argozoo.lv\/index.php?rest_route=\/wp\/v2\/product\/1691","targetHints":{"allow":["GET"]}}],"collection":[{"href":"http:\/\/argozoo.lv\/index.php?rest_route=\/wp\/v2\/product"}],"about":[{"href":"http:\/\/argozoo.lv\/index.php?rest_route=\/wp\/v2\/types\/product"}],"replies":[{"embeddable":true,"href":"http:\/\/argozoo.lv\/index.php?rest_route=%2Fwp%2Fv2%2Fcomments&post=1691"}],"wp:featuredmedia":[{"embeddable":true,"href":"http:\/\/argozoo.lv\/index.php?rest_route=\/wp\/v2\/media\/1690"}],"wp:attachment":[{"href":"http:\/\/argozoo.lv\/index.php?rest_route=%2Fwp%2Fv2%2Fmedia&parent=1691"}],"wp:term":[{"taxonomy":"product_cat","embeddable":true,"href":"http:\/\/argozoo.lv\/index.php?rest_route=%2Fwp%2Fv2%2Fproduct_cat&post=1691"},{"taxonomy":"product_tag","embeddable":true,"href":"http:\/\/argozoo.lv\/index.php?rest_route=%2Fwp%2Fv2%2Fproduct_tag&post=1691"}],"curies":[{"name":"wp","href":"https:\/\/api.w.org\/{rel}","templated":true}]}}