{"id":1794,"date":"2025-03-12T10:07:00","date_gmt":"2025-03-12T10:07:00","guid":{"rendered":"https:\/\/argozoo.lv\/?post_type=product&#038;p=1794"},"modified":"2025-10-21T07:43:30","modified_gmt":"2025-10-21T07:43:30","slug":"liellopa-zarnas-100gr","status":"publish","type":"product","link":"http:\/\/argozoo.lv\/?product=liellopa-zarnas-100gr","title":{"rendered":"Liellopa zarnas 100gr"},"content":{"rendered":"<p>Liellopa zarnas 100 gr<\/p>\n","protected":false},"excerpt":{"rendered":"<p>Kalt\u0113ts p\u0113c speci\u0101las tehnolo\u0123ijas, kas \u013cauj saglab\u0101t\u00a0produkta\u00a0uzturv\u0113rt\u012bbu<br \/>\nNesatur aromatiz\u0113jo\u0161as piedevas, konservantus vai \u0137\u012bmiskas kr\u0101svielas &#8211; 100% dab\u012bgas<br \/>\nPiem\u0113rots su\u0146iem, kuriem ir tendence uz lieko lieko svaru, j\u0101dod ierobe\u017eots daudzums<br \/>\nApmierina su\u0146a dab\u012bgo vajadz\u012bbu kost un ko\u0161\u013c\u0101t<\/p>\n<p>Att\u012bra zobus, mas\u0113 smaganas, stiprina sakodienu<br \/>\npapildina su\u0146a ikdienas uzturu<\/p>\n<p>Ciet\u012bba-viegli sagrau\u017eams<br \/>\nArom\u0101ts -\u013coti intens\u012bvs<\/p>\n<p>Baro\u0161anas ieteikumi: dot starp \u0113dienreiz\u0113n. Dz\u012bvniekam pieejam\u0101 viet\u0101 vienm\u0113r j\u0101atrodas b\u013codai ar svaigu un t\u012bru \u016bdeni.<\/p>\n<p>Uzglab\u0101\u0161ana : uzglab\u0101t saus\u0101, v\u0113s\u0101 viet\u0101, nepak\u013caut tie\u0161iem saules stariem<\/p>\n<p>Sast\u0101vs: liellopu zarnas<\/p>\n<p>Anal\u012btisk\u0101s sast\u0101vda\u013cas:<\/p>\n<p>kopprote\u012bns 70%, kope\u013c\u013cas un tauki 10%,<br \/>\nkoppelni 7,5%, kop\u0161\u0137iedra 0,5%, mitrums 10%<\/p>\n","protected":false},"featured_media":1795,"comment_status":"open","ping_status":"closed","template":"","meta":[],"product_cat":[47],"product_tag":[],"class_list":{"0":"post-1794","1":"product","2":"type-product","3":"status-publish","4":"has-post-thumbnail","6":"product_cat-gardumi","8":"first","9":"instock","10":"shipping-taxable","11":"purchasable","12":"product-type-simple"},"_links":{"self":[{"href":"http:\/\/argozoo.lv\/index.php?rest_route=\/wp\/v2\/product\/1794","targetHints":{"allow":["GET"]}}],"collection":[{"href":"http:\/\/argozoo.lv\/index.php?rest_route=\/wp\/v2\/product"}],"about":[{"href":"http:\/\/argozoo.lv\/index.php?rest_route=\/wp\/v2\/types\/product"}],"replies":[{"embeddable":true,"href":"http:\/\/argozoo.lv\/index.php?rest_route=%2Fwp%2Fv2%2Fcomments&post=1794"}],"wp:featuredmedia":[{"embeddable":true,"href":"http:\/\/argozoo.lv\/index.php?rest_route=\/wp\/v2\/media\/1795"}],"wp:attachment":[{"href":"http:\/\/argozoo.lv\/index.php?rest_route=%2Fwp%2Fv2%2Fmedia&parent=1794"}],"wp:term":[{"taxonomy":"product_cat","embeddable":true,"href":"http:\/\/argozoo.lv\/index.php?rest_route=%2Fwp%2Fv2%2Fproduct_cat&post=1794"},{"taxonomy":"product_tag","embeddable":true,"href":"http:\/\/argozoo.lv\/index.php?rest_route=%2Fwp%2Fv2%2Fproduct_tag&post=1794"}],"curies":[{"name":"wp","href":"https:\/\/api.w.org\/{rel}","templated":true}]}}