{"id":1798,"date":"2025-03-12T10:23:29","date_gmt":"2025-03-12T10:23:29","guid":{"rendered":"https:\/\/argozoo.lv\/?post_type=product&#038;p=1798"},"modified":"2025-03-12T10:23:29","modified_gmt":"2025-03-12T10:23:29","slug":"cukas-aste-100-gr","status":"publish","type":"product","link":"http:\/\/argozoo.lv\/?product=cukas-aste-100-gr","title":{"rendered":"C\u016bkas aste 100 gr"},"content":{"rendered":"<p>C\u016bkas aste 100 gr<\/p>\n","protected":false},"excerpt":{"rendered":"<p>Kalt\u0113ts p\u0113c speci\u0101las tehnolo\u0123ijas, kas \u013cauj saglab\u0101t\u00a0produkta\u00a0uzturv\u0113rt\u012bbu<br \/>\nNesatur aromatiz\u0113jo\u0161as piedevas, konservantus vai \u0137\u012bmiskas kr\u0101svielas &#8211; 100% dab\u012bgas<br \/>\nPiem\u0113rots su\u0146iem, kuriem ir tendence uz lieko lieko svaru, j\u0101dod ierobe\u017eots daudzums<br \/>\nApmierina su\u0146a dab\u012bgo vajadz\u012bbu kost un ko\u0161\u013c\u0101t<\/p>\n<p>Att\u012bra zobus, mas\u0113 smaganas, stiprina sakodienu<br \/>\npapildina su\u0146a ikdienas uzturu<\/p>\n<p>Ciet\u012bba-viegli sagrau\u017eams<br \/>\nArom\u0101ts -\u013coti intens\u012bvs<\/p>\n<p>Baro\u0161anas ieteikumi: dot starp \u0113dienreiz\u0113n. Dz\u012bvniekam pieejam\u0101 viet\u0101 vienm\u0113r j\u0101atrodas b\u013codai ar svaigu un t\u012bru \u016bdeni.<\/p>\n<p>Uzglab\u0101\u0161ana : uzglab\u0101t saus\u0101, v\u0113s\u0101 viet\u0101, nepak\u013caut tie\u0161iem saules stariem<\/p>\n<p>Sast\u0101vs: liellopu tesmenis<\/p>\n<p>Anal\u012btisk\u0101s sast\u0101vda\u013cas:<\/p>\n<p>kopprote\u012bns 52,55%, kope\u013c\u013cas un<br \/>\ntauki 31,8%, koppelni 2,79%, kop\u0161\u0137iedra 0,7%, mitrums 7,2%<\/p>\n","protected":false},"featured_media":1799,"comment_status":"open","ping_status":"closed","template":"","meta":[],"product_cat":[56,47],"product_tag":[],"class_list":{"0":"post-1798","1":"product","2":"type-product","3":"status-publish","4":"has-post-thumbnail","6":"product_cat-cuka-gardumi","7":"product_cat-gardumi","9":"first","10":"instock","11":"shipping-taxable","12":"purchasable","13":"product-type-simple"},"_links":{"self":[{"href":"http:\/\/argozoo.lv\/index.php?rest_route=\/wp\/v2\/product\/1798","targetHints":{"allow":["GET"]}}],"collection":[{"href":"http:\/\/argozoo.lv\/index.php?rest_route=\/wp\/v2\/product"}],"about":[{"href":"http:\/\/argozoo.lv\/index.php?rest_route=\/wp\/v2\/types\/product"}],"replies":[{"embeddable":true,"href":"http:\/\/argozoo.lv\/index.php?rest_route=%2Fwp%2Fv2%2Fcomments&post=1798"}],"wp:featuredmedia":[{"embeddable":true,"href":"http:\/\/argozoo.lv\/index.php?rest_route=\/wp\/v2\/media\/1799"}],"wp:attachment":[{"href":"http:\/\/argozoo.lv\/index.php?rest_route=%2Fwp%2Fv2%2Fmedia&parent=1798"}],"wp:term":[{"taxonomy":"product_cat","embeddable":true,"href":"http:\/\/argozoo.lv\/index.php?rest_route=%2Fwp%2Fv2%2Fproduct_cat&post=1798"},{"taxonomy":"product_tag","embeddable":true,"href":"http:\/\/argozoo.lv\/index.php?rest_route=%2Fwp%2Fv2%2Fproduct_tag&post=1798"}],"curies":[{"name":"wp","href":"https:\/\/api.w.org\/{rel}","templated":true}]}}