{"id":180,"date":"2021-08-25T19:23:51","date_gmt":"2021-08-25T19:23:51","guid":{"rendered":"https:\/\/argozoo.lv\/?post_type=product&#038;p=180"},"modified":"2025-02-20T16:40:14","modified_gmt":"2025-02-20T16:40:14","slug":"rotallieta-krokodils-iron-grip","status":"publish","type":"product","link":"http:\/\/argozoo.lv\/?product=rotallieta-krokodils-iron-grip","title":{"rendered":"Rota\u013clieta &#8220;Krokod\u012bls iron grip&#8221;"},"content":{"rendered":"<p>Rota\u013clieta &#8220;Krokod\u012bls iron grip&#8221;<\/p>\n","protected":false},"excerpt":{"rendered":"<p>Rota\u013clieta &#8220;Krokod\u012bls iron grip&#8221;<\/p>\n<p>izm\u0113rs 19.0&#215;9.5&#215;48.0 cm<\/p>\n","protected":false},"featured_media":181,"comment_status":"open","ping_status":"closed","template":"","meta":[],"product_cat":[32],"product_tag":[],"class_list":{"0":"post-180","1":"product","2":"type-product","3":"status-publish","4":"has-post-thumbnail","6":"product_cat-rotallietas","8":"first","9":"instock","10":"shipping-taxable","11":"purchasable","12":"product-type-simple"},"_links":{"self":[{"href":"http:\/\/argozoo.lv\/index.php?rest_route=\/wp\/v2\/product\/180","targetHints":{"allow":["GET"]}}],"collection":[{"href":"http:\/\/argozoo.lv\/index.php?rest_route=\/wp\/v2\/product"}],"about":[{"href":"http:\/\/argozoo.lv\/index.php?rest_route=\/wp\/v2\/types\/product"}],"replies":[{"embeddable":true,"href":"http:\/\/argozoo.lv\/index.php?rest_route=%2Fwp%2Fv2%2Fcomments&post=180"}],"wp:featuredmedia":[{"embeddable":true,"href":"http:\/\/argozoo.lv\/index.php?rest_route=\/wp\/v2\/media\/181"}],"wp:attachment":[{"href":"http:\/\/argozoo.lv\/index.php?rest_route=%2Fwp%2Fv2%2Fmedia&parent=180"}],"wp:term":[{"taxonomy":"product_cat","embeddable":true,"href":"http:\/\/argozoo.lv\/index.php?rest_route=%2Fwp%2Fv2%2Fproduct_cat&post=180"},{"taxonomy":"product_tag","embeddable":true,"href":"http:\/\/argozoo.lv\/index.php?rest_route=%2Fwp%2Fv2%2Fproduct_tag&post=180"}],"curies":[{"name":"wp","href":"https:\/\/api.w.org\/{rel}","templated":true}]}}