{"id":1800,"date":"2025-03-12T10:32:32","date_gmt":"2025-03-12T10:32:32","guid":{"rendered":"https:\/\/argozoo.lv\/?post_type=product&#038;p=1800"},"modified":"2025-10-20T07:41:42","modified_gmt":"2025-10-20T07:41:42","slug":"jera-kungis-200-gr","status":"publish","type":"product","link":"http:\/\/argozoo.lv\/?product=jera-kungis-200-gr","title":{"rendered":"J\u0113ra ku\u0146\u0123is 200 gr"},"content":{"rendered":"<p>J\u0113ra ku\u0146\u0123is 200 gr<\/p>\n","protected":false},"excerpt":{"rendered":"<p>Kalt\u0113ts p\u0113c speci\u0101las tehnolo\u0123ijas, kas \u013cauj saglab\u0101t produkta uzturv\u0113rt\u012bbu<br \/>\nNesatur aromatiz\u0113jo\u0161as piedevas, konservantus vai \u0137\u012bmiskas kr\u0101svielas &#8211; 100% dab\u012bgas<br \/>\nPiem\u0113rots su\u0146iem, kuriem ir tendence uz lieko lieko svaru, j\u0101dod ierobe\u017eots daudzums<\/p>\n<p>\u012apa\u0161i piem\u0113rots aler\u0123iskiem su\u0146iem\u00a0un\u00a0 su\u0146ime ar jut\u012bgu gremo\u0161anas sist\u0113mu<br \/>\nApmierina su\u0146a dab\u012bgo vajadz\u012bbu kost un ko\u0161\u013c\u0101t<br \/>\nAtt\u012bra zobus, mas\u0113 smaganas, stiprina sakodienu, papildin\u0101s\u00a0su\u0146a ikdienas uzturu. Pal\u012bdz regul\u0113t gremo\u0161anas sist\u0113mu, uzlabo apet\u012bti un zarnu traktu<br \/>\nLieliski piem\u0113rota\u00a0uzkoda vai k\u0101 k\u0101rums pastaigas vai treni\u0146a laik\u0101 &#8211; tie ir trausli, viegli sadal\u0101mi maz\u0101kos gabali\u0146os<\/p>\n<p>Ciet\u012bba-viegli sagrau\u017eams<br \/>\nArom\u0101ts-intens\u012bvs<\/p>\n<p>Baro\u0161anas ieteikumi: dot starp \u0113dienreiz\u0113n. Dz\u012bvniekam pieejam\u0101 viet\u0101 vienm\u0113r j\u0101atrodas b\u013codai ar svaigu un t\u012bru \u016bdeni.<\/p>\n<p>Uzglab\u0101\u0161ana : uzglab\u0101t saus\u0101, v\u0113s\u0101 viet\u0101, nepak\u013caut tie\u0161iem saules stariem<\/p>\n<p>Anal\u012btisk\u0101s sast\u0101vda\u013cas:<\/p>\n<p>kopprote\u012bns 62,0%<br \/>\nneapstr\u0101d\u0101ti tauki 22,7%<br \/>\nmitrums l\u012bdz 7,3%<\/p>\n","protected":false},"featured_media":1801,"comment_status":"open","ping_status":"closed","template":"","meta":[],"product_cat":[47],"product_tag":[],"class_list":{"0":"post-1800","1":"product","2":"type-product","3":"status-publish","4":"has-post-thumbnail","6":"product_cat-gardumi","8":"first","9":"instock","10":"shipping-taxable","11":"purchasable","12":"product-type-simple"},"_links":{"self":[{"href":"http:\/\/argozoo.lv\/index.php?rest_route=\/wp\/v2\/product\/1800","targetHints":{"allow":["GET"]}}],"collection":[{"href":"http:\/\/argozoo.lv\/index.php?rest_route=\/wp\/v2\/product"}],"about":[{"href":"http:\/\/argozoo.lv\/index.php?rest_route=\/wp\/v2\/types\/product"}],"replies":[{"embeddable":true,"href":"http:\/\/argozoo.lv\/index.php?rest_route=%2Fwp%2Fv2%2Fcomments&post=1800"}],"wp:featuredmedia":[{"embeddable":true,"href":"http:\/\/argozoo.lv\/index.php?rest_route=\/wp\/v2\/media\/1801"}],"wp:attachment":[{"href":"http:\/\/argozoo.lv\/index.php?rest_route=%2Fwp%2Fv2%2Fmedia&parent=1800"}],"wp:term":[{"taxonomy":"product_cat","embeddable":true,"href":"http:\/\/argozoo.lv\/index.php?rest_route=%2Fwp%2Fv2%2Fproduct_cat&post=1800"},{"taxonomy":"product_tag","embeddable":true,"href":"http:\/\/argozoo.lv\/index.php?rest_route=%2Fwp%2Fv2%2Fproduct_tag&post=1800"}],"curies":[{"name":"wp","href":"https:\/\/api.w.org\/{rel}","templated":true}]}}