{"id":186,"date":"2021-08-24T19:37:22","date_gmt":"2021-08-24T19:37:22","guid":{"rendered":"https:\/\/argozoo.lv\/?post_type=product&#038;p=186"},"modified":"2025-02-06T16:36:47","modified_gmt":"2025-02-06T16:36:47","slug":"rotallieta-zals-monstrs","status":"publish","type":"product","link":"http:\/\/argozoo.lv\/?product=rotallieta-zals-monstrs","title":{"rendered":"Rota\u013clieta &#8220;Za\u013c\u0161 monstrs&#8221;"},"content":{"rendered":"<p>Rota\u013clieta &#8220;Za\u013c\u0161 monstrs&#8221;<\/p>\n","protected":false},"excerpt":{"rendered":"<p>Rota\u013clieta &#8220;Za\u013c\u0161 monstrs&#8221;<\/p>\n","protected":false},"featured_media":187,"comment_status":"open","ping_status":"closed","template":"","meta":[],"product_cat":[32],"product_tag":[],"class_list":{"0":"post-186","1":"product","2":"type-product","3":"status-publish","4":"has-post-thumbnail","6":"product_cat-rotallietas","8":"first","9":"instock","10":"shipping-taxable","11":"purchasable","12":"product-type-simple"},"_links":{"self":[{"href":"http:\/\/argozoo.lv\/index.php?rest_route=\/wp\/v2\/product\/186","targetHints":{"allow":["GET"]}}],"collection":[{"href":"http:\/\/argozoo.lv\/index.php?rest_route=\/wp\/v2\/product"}],"about":[{"href":"http:\/\/argozoo.lv\/index.php?rest_route=\/wp\/v2\/types\/product"}],"replies":[{"embeddable":true,"href":"http:\/\/argozoo.lv\/index.php?rest_route=%2Fwp%2Fv2%2Fcomments&post=186"}],"wp:featuredmedia":[{"embeddable":true,"href":"http:\/\/argozoo.lv\/index.php?rest_route=\/wp\/v2\/media\/187"}],"wp:attachment":[{"href":"http:\/\/argozoo.lv\/index.php?rest_route=%2Fwp%2Fv2%2Fmedia&parent=186"}],"wp:term":[{"taxonomy":"product_cat","embeddable":true,"href":"http:\/\/argozoo.lv\/index.php?rest_route=%2Fwp%2Fv2%2Fproduct_cat&post=186"},{"taxonomy":"product_tag","embeddable":true,"href":"http:\/\/argozoo.lv\/index.php?rest_route=%2Fwp%2Fv2%2Fproduct_tag&post=186"}],"curies":[{"name":"wp","href":"https:\/\/api.w.org\/{rel}","templated":true}]}}