{"id":194,"date":"2021-08-24T19:34:48","date_gmt":"2021-08-24T19:34:48","guid":{"rendered":"https:\/\/argozoo.lv\/?post_type=product&#038;p=194"},"modified":"2025-11-01T15:35:28","modified_gmt":"2025-11-01T15:35:28","slug":"bulb-s-zila-krasa","status":"publish","type":"product","link":"http:\/\/argozoo.lv\/?product=bulb-s-zila-krasa","title":{"rendered":"Bulb S zil\u0101 kr\u0101s\u0101"},"content":{"rendered":"<p>Bulb S zil\u0101 kr\u0101s\u0101<\/p>\n","protected":false},"excerpt":{"rendered":"<p>Bulb S zil\u0101 kr\u0101s\u0101<\/p>\n<p>izm\u0113rs 5.7&#215;5.7&#215;8.5 cm<\/p>\n","protected":false},"featured_media":195,"comment_status":"open","ping_status":"closed","template":"","meta":[],"product_cat":[33,32],"product_tag":[],"class_list":{"0":"post-194","1":"product","2":"type-product","3":"status-publish","4":"has-post-thumbnail","6":"product_cat-bumbas","7":"product_cat-rotallietas","9":"first","10":"instock","11":"shipping-taxable","12":"purchasable","13":"product-type-simple"},"_links":{"self":[{"href":"http:\/\/argozoo.lv\/index.php?rest_route=\/wp\/v2\/product\/194","targetHints":{"allow":["GET"]}}],"collection":[{"href":"http:\/\/argozoo.lv\/index.php?rest_route=\/wp\/v2\/product"}],"about":[{"href":"http:\/\/argozoo.lv\/index.php?rest_route=\/wp\/v2\/types\/product"}],"replies":[{"embeddable":true,"href":"http:\/\/argozoo.lv\/index.php?rest_route=%2Fwp%2Fv2%2Fcomments&post=194"}],"wp:featuredmedia":[{"embeddable":true,"href":"http:\/\/argozoo.lv\/index.php?rest_route=\/wp\/v2\/media\/195"}],"wp:attachment":[{"href":"http:\/\/argozoo.lv\/index.php?rest_route=%2Fwp%2Fv2%2Fmedia&parent=194"}],"wp:term":[{"taxonomy":"product_cat","embeddable":true,"href":"http:\/\/argozoo.lv\/index.php?rest_route=%2Fwp%2Fv2%2Fproduct_cat&post=194"},{"taxonomy":"product_tag","embeddable":true,"href":"http:\/\/argozoo.lv\/index.php?rest_route=%2Fwp%2Fv2%2Fproduct_tag&post=194"}],"curies":[{"name":"wp","href":"https:\/\/api.w.org\/{rel}","templated":true}]}}