{"id":1960,"date":"2025-08-18T09:02:38","date_gmt":"2025-08-18T09:02:38","guid":{"rendered":"https:\/\/argozoo.lv\/?post_type=product&#038;p=1960"},"modified":"2025-08-18T09:02:38","modified_gmt":"2025-08-18T09:02:38","slug":"kungi-liellopa-100-g","status":"publish","type":"product","link":"http:\/\/argozoo.lv\/?product=kungi-liellopa-100-g","title":{"rendered":"Ku\u0146\u0123i liellopa 100 g"},"content":{"rendered":"<p>ku\u0146\u0123i liellopa 100 g, ra\u017eots Latvij\u0101<\/p>\n","protected":false},"excerpt":{"rendered":"<p>ku\u0146\u0123i liellopa 100 g, ra\u017eots Latvij\u0101<\/p>\n","protected":false},"featured_media":1683,"comment_status":"open","ping_status":"closed","template":"","meta":[],"product_cat":[47],"product_tag":[],"class_list":{"0":"post-1960","1":"product","2":"type-product","3":"status-publish","4":"has-post-thumbnail","6":"product_cat-gardumi","8":"first","9":"instock","10":"shipping-taxable","11":"purchasable","12":"product-type-simple"},"_links":{"self":[{"href":"http:\/\/argozoo.lv\/index.php?rest_route=\/wp\/v2\/product\/1960","targetHints":{"allow":["GET"]}}],"collection":[{"href":"http:\/\/argozoo.lv\/index.php?rest_route=\/wp\/v2\/product"}],"about":[{"href":"http:\/\/argozoo.lv\/index.php?rest_route=\/wp\/v2\/types\/product"}],"replies":[{"embeddable":true,"href":"http:\/\/argozoo.lv\/index.php?rest_route=%2Fwp%2Fv2%2Fcomments&post=1960"}],"wp:featuredmedia":[{"embeddable":true,"href":"http:\/\/argozoo.lv\/index.php?rest_route=\/wp\/v2\/media\/1683"}],"wp:attachment":[{"href":"http:\/\/argozoo.lv\/index.php?rest_route=%2Fwp%2Fv2%2Fmedia&parent=1960"}],"wp:term":[{"taxonomy":"product_cat","embeddable":true,"href":"http:\/\/argozoo.lv\/index.php?rest_route=%2Fwp%2Fv2%2Fproduct_cat&post=1960"},{"taxonomy":"product_tag","embeddable":true,"href":"http:\/\/argozoo.lv\/index.php?rest_route=%2Fwp%2Fv2%2Fproduct_tag&post=1960"}],"curies":[{"name":"wp","href":"https:\/\/api.w.org\/{rel}","templated":true}]}}