{"id":1965,"date":"2025-08-18T09:26:05","date_gmt":"2025-08-18T09:26:05","guid":{"rendered":"https:\/\/argozoo.lv\/?post_type=product&#038;p=1965"},"modified":"2026-03-09T09:14:10","modified_gmt":"2026-03-09T09:14:10","slug":"plausas-liellopa-300-g","status":"publish","type":"product","link":"http:\/\/argozoo.lv\/?product=plausas-liellopa-300-g","title":{"rendered":"Plau\u0161as liellopa 300 g"},"content":{"rendered":"<p>plau\u0161as liellopa 300 g , ra\u017eots Latvij\u0101<\/p>\n","protected":false},"excerpt":{"rendered":"<p>plau\u0161as liellopa 300 g , ra\u017eots Latvij\u0101<\/p>\n","protected":false},"featured_media":1687,"comment_status":"open","ping_status":"closed","template":"","meta":[],"product_cat":[47],"product_tag":[],"class_list":{"0":"post-1965","1":"product","2":"type-product","3":"status-publish","4":"has-post-thumbnail","6":"product_cat-gardumi","8":"first","9":"instock","10":"shipping-taxable","11":"purchasable","12":"product-type-simple"},"_links":{"self":[{"href":"http:\/\/argozoo.lv\/index.php?rest_route=\/wp\/v2\/product\/1965","targetHints":{"allow":["GET"]}}],"collection":[{"href":"http:\/\/argozoo.lv\/index.php?rest_route=\/wp\/v2\/product"}],"about":[{"href":"http:\/\/argozoo.lv\/index.php?rest_route=\/wp\/v2\/types\/product"}],"replies":[{"embeddable":true,"href":"http:\/\/argozoo.lv\/index.php?rest_route=%2Fwp%2Fv2%2Fcomments&post=1965"}],"wp:featuredmedia":[{"embeddable":true,"href":"http:\/\/argozoo.lv\/index.php?rest_route=\/wp\/v2\/media\/1687"}],"wp:attachment":[{"href":"http:\/\/argozoo.lv\/index.php?rest_route=%2Fwp%2Fv2%2Fmedia&parent=1965"}],"wp:term":[{"taxonomy":"product_cat","embeddable":true,"href":"http:\/\/argozoo.lv\/index.php?rest_route=%2Fwp%2Fv2%2Fproduct_cat&post=1965"},{"taxonomy":"product_tag","embeddable":true,"href":"http:\/\/argozoo.lv\/index.php?rest_route=%2Fwp%2Fv2%2Fproduct_tag&post=1965"}],"curies":[{"name":"wp","href":"https:\/\/api.w.org\/{rel}","templated":true}]}}