{"id":200,"date":"2021-08-24T19:33:10","date_gmt":"2021-08-24T19:33:10","guid":{"rendered":"https:\/\/argozoo.lv\/?post_type=product&#038;p=200"},"modified":"2025-04-11T12:22:58","modified_gmt":"2025-04-11T12:22:58","slug":"rotallieta-pile-crunchy-neck","status":"publish","type":"product","link":"http:\/\/argozoo.lv\/?product=rotallieta-pile-crunchy-neck","title":{"rendered":"Rota\u013clieta &#8220;P\u012ble Crunchy neck&#8221;"},"content":{"rendered":"<p>Rota\u013clieta &#8220;P\u012ble Crunchy neck&#8221;<\/p>\n","protected":false},"excerpt":{"rendered":"<p>Rota\u013clieta &#8220;P\u012ble Crunchy neck&#8221;<\/p>\n<p>izm\u0113rs 43.0&#215;7.0x5.0 cm<\/p>\n","protected":false},"featured_media":201,"comment_status":"open","ping_status":"closed","template":"","meta":[],"product_cat":[32],"product_tag":[],"class_list":{"0":"post-200","1":"product","2":"type-product","3":"status-publish","4":"has-post-thumbnail","6":"product_cat-rotallietas","8":"first","9":"instock","10":"shipping-taxable","11":"purchasable","12":"product-type-simple"},"_links":{"self":[{"href":"http:\/\/argozoo.lv\/index.php?rest_route=\/wp\/v2\/product\/200","targetHints":{"allow":["GET"]}}],"collection":[{"href":"http:\/\/argozoo.lv\/index.php?rest_route=\/wp\/v2\/product"}],"about":[{"href":"http:\/\/argozoo.lv\/index.php?rest_route=\/wp\/v2\/types\/product"}],"replies":[{"embeddable":true,"href":"http:\/\/argozoo.lv\/index.php?rest_route=%2Fwp%2Fv2%2Fcomments&post=200"}],"wp:featuredmedia":[{"embeddable":true,"href":"http:\/\/argozoo.lv\/index.php?rest_route=\/wp\/v2\/media\/201"}],"wp:attachment":[{"href":"http:\/\/argozoo.lv\/index.php?rest_route=%2Fwp%2Fv2%2Fmedia&parent=200"}],"wp:term":[{"taxonomy":"product_cat","embeddable":true,"href":"http:\/\/argozoo.lv\/index.php?rest_route=%2Fwp%2Fv2%2Fproduct_cat&post=200"},{"taxonomy":"product_tag","embeddable":true,"href":"http:\/\/argozoo.lv\/index.php?rest_route=%2Fwp%2Fv2%2Fproduct_tag&post=200"}],"curies":[{"name":"wp","href":"https:\/\/api.w.org\/{rel}","templated":true}]}}