{"id":446,"date":"2021-08-28T16:13:05","date_gmt":"2021-08-28T16:13:05","guid":{"rendered":"https:\/\/argozoo.lv\/?post_type=product&#038;p=446"},"modified":"2025-11-09T10:44:39","modified_gmt":"2025-11-09T10:44:39","slug":"profleece-paklajs-oranz-peleka","status":"publish","type":"product","link":"http:\/\/argozoo.lv\/?product=profleece-paklajs-oranz-peleka","title":{"rendered":"ProFleece pakl\u0101js oran\u017e-pel\u0113k\u0101"},"content":{"rendered":"<p>Izm\u0113ri, kuri ir pieejami:<\/p>\n<p>80 x 100 cm<\/p>\n<p>160 x 100 cm<\/p>\n<p>160 x 1500cm<\/p>\n<p>&nbsp;<\/p>\n<p>Ir ar\u012b iesp\u0113ja pas\u016bt\u012bt individu\u0101lo izm\u0113ru, rakstot uz info@argozoo.lv<\/p>\n","protected":false},"excerpt":{"rendered":"<p><strong>K\u0101p\u0113c ir j\u0101izv\u0113l\u0101s ProFleece?<\/strong><\/p>\n<ul>\n<li>Dod vit\u0101li svar\u012bgu priek\u0161 dz\u012bvniekiem higienu, dro\u0161\u012bbu un \u0113rt\u012bbu<\/li>\n<li>Ide\u0101ls variants priek\u0161 dz\u012bvnieka, kuram ir vajadz\u012bga reabilit\u0101cija p\u0113c oper\u0101cijas<\/li>\n<li>Maksim\u0101ls komforts<\/li>\n<li>M\u012bksta virsma, kur dz\u012bvnieks var gul\u0113t<\/li>\n<li>Der gan maziem, gan lieliem dz\u012bvniekiem<\/li>\n<\/ul>\n","protected":false},"featured_media":456,"comment_status":"open","ping_status":"closed","template":"","meta":[],"product_cat":[26],"product_tag":[],"class_list":{"0":"post-446","1":"product","2":"type-product","3":"status-publish","4":"has-post-thumbnail","6":"product_cat-paklaji","8":"first","9":"instock","10":"shipping-taxable","11":"purchasable","12":"product-type-variable","13":"has-default-attributes"},"_links":{"self":[{"href":"http:\/\/argozoo.lv\/index.php?rest_route=\/wp\/v2\/product\/446","targetHints":{"allow":["GET"]}}],"collection":[{"href":"http:\/\/argozoo.lv\/index.php?rest_route=\/wp\/v2\/product"}],"about":[{"href":"http:\/\/argozoo.lv\/index.php?rest_route=\/wp\/v2\/types\/product"}],"replies":[{"embeddable":true,"href":"http:\/\/argozoo.lv\/index.php?rest_route=%2Fwp%2Fv2%2Fcomments&post=446"}],"wp:featuredmedia":[{"embeddable":true,"href":"http:\/\/argozoo.lv\/index.php?rest_route=\/wp\/v2\/media\/456"}],"wp:attachment":[{"href":"http:\/\/argozoo.lv\/index.php?rest_route=%2Fwp%2Fv2%2Fmedia&parent=446"}],"wp:term":[{"taxonomy":"product_cat","embeddable":true,"href":"http:\/\/argozoo.lv\/index.php?rest_route=%2Fwp%2Fv2%2Fproduct_cat&post=446"},{"taxonomy":"product_tag","embeddable":true,"href":"http:\/\/argozoo.lv\/index.php?rest_route=%2Fwp%2Fv2%2Fproduct_tag&post=446"}],"curies":[{"name":"wp","href":"https:\/\/api.w.org\/{rel}","templated":true}]}}