{"id":581,"date":"2021-08-28T19:35:00","date_gmt":"2021-08-28T19:35:00","guid":{"rendered":"https:\/\/argozoo.lv\/?post_type=product&#038;p=581"},"modified":"2025-02-06T15:56:48","modified_gmt":"2025-02-06T15:56:48","slug":"rotallieta-krokodils-cotton-ripe","status":"publish","type":"product","link":"http:\/\/argozoo.lv\/?product=rotallieta-krokodils-cotton-ripe","title":{"rendered":"Rota\u013clieta &#8220;Krokod\u012bls cotton ripe&#8221;"},"content":{"rendered":"<p>Rota\u013clieta &#8220;Krokod\u012bls cotton ripe&#8221;<\/p>\n","protected":false},"excerpt":{"rendered":"<p>Rota\u013clieta &#8220;Krokod\u012bls cotton ripe&#8221;<\/p>\n<p>15.0cm x 5.0cm x 44.5cm<\/p>\n<p>art.8460<\/p>\n","protected":false},"featured_media":582,"comment_status":"open","ping_status":"closed","template":"","meta":[],"product_cat":[32],"product_tag":[],"class_list":{"0":"post-581","1":"product","2":"type-product","3":"status-publish","4":"has-post-thumbnail","6":"product_cat-rotallietas","8":"first","9":"instock","10":"shipping-taxable","11":"purchasable","12":"product-type-simple"},"_links":{"self":[{"href":"http:\/\/argozoo.lv\/index.php?rest_route=\/wp\/v2\/product\/581","targetHints":{"allow":["GET"]}}],"collection":[{"href":"http:\/\/argozoo.lv\/index.php?rest_route=\/wp\/v2\/product"}],"about":[{"href":"http:\/\/argozoo.lv\/index.php?rest_route=\/wp\/v2\/types\/product"}],"replies":[{"embeddable":true,"href":"http:\/\/argozoo.lv\/index.php?rest_route=%2Fwp%2Fv2%2Fcomments&post=581"}],"wp:featuredmedia":[{"embeddable":true,"href":"http:\/\/argozoo.lv\/index.php?rest_route=\/wp\/v2\/media\/582"}],"wp:attachment":[{"href":"http:\/\/argozoo.lv\/index.php?rest_route=%2Fwp%2Fv2%2Fmedia&parent=581"}],"wp:term":[{"taxonomy":"product_cat","embeddable":true,"href":"http:\/\/argozoo.lv\/index.php?rest_route=%2Fwp%2Fv2%2Fproduct_cat&post=581"},{"taxonomy":"product_tag","embeddable":true,"href":"http:\/\/argozoo.lv\/index.php?rest_route=%2Fwp%2Fv2%2Fproduct_tag&post=581"}],"curies":[{"name":"wp","href":"https:\/\/api.w.org\/{rel}","templated":true}]}}