{"id":621,"date":"2021-09-06T08:02:37","date_gmt":"2021-09-06T08:02:37","guid":{"rendered":"https:\/\/argozoo.lv\/?post_type=product&#038;p=621"},"modified":"2025-08-07T08:06:19","modified_gmt":"2025-08-07T08:06:19","slug":"tela-galas-desa","status":"publish","type":"product","link":"http:\/\/argozoo.lv\/?product=tela-galas-desa","title":{"rendered":"Te\u013ca ga\u013cas desa"},"content":{"rendered":"<p><span lang=\"en-US\">P\u0113c atlaidin\u0101\u0161anas uzglab\u0101t ne augst\u0101k k\u0101 +7C, izlietot 24 stundu laik\u0101. P\u0113c saskares ar produktu nomazg\u0101t rokas ar ziep\u0113m.<\/span><\/p>\n","protected":false},"excerpt":{"rendered":"<ul>\n<li><span lang=\"en-US\">te\u013ca gala atgriezumi 70%<\/span><\/li>\n<li><span lang=\"en-US\"> bar\u012bbas vadi 10 %<\/span><\/li>\n<li><span lang=\"en-US\"> traheja 10 %<\/span><\/li>\n<li><span lang=\"en-US\"> liesa 10%<\/span><\/li>\n<\/ul>\n<p>cena nor\u0101d\u012bta par 1 kg<\/p>\n","protected":false},"featured_media":622,"comment_status":"open","ping_status":"closed","template":"","meta":[],"product_cat":[27],"product_tag":[],"class_list":{"0":"post-621","1":"product","2":"type-product","3":"status-publish","4":"has-post-thumbnail","6":"product_cat-gala","8":"first","9":"outofstock","10":"shipping-taxable","11":"purchasable","12":"product-type-simple"},"_links":{"self":[{"href":"http:\/\/argozoo.lv\/index.php?rest_route=\/wp\/v2\/product\/621","targetHints":{"allow":["GET"]}}],"collection":[{"href":"http:\/\/argozoo.lv\/index.php?rest_route=\/wp\/v2\/product"}],"about":[{"href":"http:\/\/argozoo.lv\/index.php?rest_route=\/wp\/v2\/types\/product"}],"replies":[{"embeddable":true,"href":"http:\/\/argozoo.lv\/index.php?rest_route=%2Fwp%2Fv2%2Fcomments&post=621"}],"wp:featuredmedia":[{"embeddable":true,"href":"http:\/\/argozoo.lv\/index.php?rest_route=\/wp\/v2\/media\/622"}],"wp:attachment":[{"href":"http:\/\/argozoo.lv\/index.php?rest_route=%2Fwp%2Fv2%2Fmedia&parent=621"}],"wp:term":[{"taxonomy":"product_cat","embeddable":true,"href":"http:\/\/argozoo.lv\/index.php?rest_route=%2Fwp%2Fv2%2Fproduct_cat&post=621"},{"taxonomy":"product_tag","embeddable":true,"href":"http:\/\/argozoo.lv\/index.php?rest_route=%2Fwp%2Fv2%2Fproduct_tag&post=621"}],"curies":[{"name":"wp","href":"https:\/\/api.w.org\/{rel}","templated":true}]}}