{"id":713,"date":"2022-01-04T11:33:29","date_gmt":"2022-01-04T11:33:29","guid":{"rendered":"http:\/\/argozoo.lv\/?post_type=product&#038;p=713"},"modified":"2025-08-07T08:05:13","modified_gmt":"2025-08-07T08:05:13","slug":"liellopa-kungis-malts-kubos","status":"publish","type":"product","link":"http:\/\/argozoo.lv\/?product=liellopa-kungis-malts-kubos","title":{"rendered":"Liellopa ku\u0146\u0123is malts (kubos)"},"content":{"rendered":"<p>P\u0113c atlaidin\u0101\u0161anasuzglab\u0101t ne augst\u0101k k\u0101 +7C, izlietot 24 stundu laik\u0101. P\u0113c saskares ar produktu nomazg\u0101t rokas ar ziep\u0113m.<\/p>\n","protected":false},"excerpt":{"rendered":"<p>100% liellopa ku\u0146\u0123is malts. Kaste 18-20 kg. Cena par 1 kg<\/p>\n","protected":false},"featured_media":714,"comment_status":"open","ping_status":"closed","template":"","meta":[],"product_cat":[27],"product_tag":[],"class_list":{"0":"post-713","1":"product","2":"type-product","3":"status-publish","4":"has-post-thumbnail","6":"product_cat-gala","8":"first","9":"instock","10":"shipping-taxable","11":"purchasable","12":"product-type-simple"},"_links":{"self":[{"href":"http:\/\/argozoo.lv\/index.php?rest_route=\/wp\/v2\/product\/713","targetHints":{"allow":["GET"]}}],"collection":[{"href":"http:\/\/argozoo.lv\/index.php?rest_route=\/wp\/v2\/product"}],"about":[{"href":"http:\/\/argozoo.lv\/index.php?rest_route=\/wp\/v2\/types\/product"}],"replies":[{"embeddable":true,"href":"http:\/\/argozoo.lv\/index.php?rest_route=%2Fwp%2Fv2%2Fcomments&post=713"}],"wp:featuredmedia":[{"embeddable":true,"href":"http:\/\/argozoo.lv\/index.php?rest_route=\/wp\/v2\/media\/714"}],"wp:attachment":[{"href":"http:\/\/argozoo.lv\/index.php?rest_route=%2Fwp%2Fv2%2Fmedia&parent=713"}],"wp:term":[{"taxonomy":"product_cat","embeddable":true,"href":"http:\/\/argozoo.lv\/index.php?rest_route=%2Fwp%2Fv2%2Fproduct_cat&post=713"},{"taxonomy":"product_tag","embeddable":true,"href":"http:\/\/argozoo.lv\/index.php?rest_route=%2Fwp%2Fv2%2Fproduct_tag&post=713"}],"curies":[{"name":"wp","href":"https:\/\/api.w.org\/{rel}","templated":true}]}}