{"id":729,"date":"2022-01-04T12:54:22","date_gmt":"2022-01-04T12:54:22","guid":{"rendered":"http:\/\/argozoo.lv\/?post_type=product&#038;p=729"},"modified":"2024-02-19T10:39:58","modified_gmt":"2024-02-19T10:39:58","slug":"liellopa-malta-gala-ar-kungiem-kubos","status":"publish","type":"product","link":"http:\/\/argozoo.lv\/?product=liellopa-malta-gala-ar-kungiem-kubos","title":{"rendered":"Liellopa malta ga\u013ca ar ku\u0146\u0123iem (kubos)"},"content":{"rendered":"<p>P\u0113c atlaidin\u0101\u0161anas uzglab\u0101t ne augst\u0101k k\u0101 +7C, izlietot 24 stundu laik\u0101. P\u0113c saskares ar produktu nomazg\u0101t rokas ar ziep\u0113m.<\/p>\n","protected":false},"excerpt":{"rendered":"<p>liellopa ga\u013ca 36%, liellopa ku\u0146\u0123i 30%, skrim\u0161\u013ci 10%, aknas 6%, plau\u0161as 6%, tauki 6%, nieres 3 %, liesas 3%. Kubos.<br \/>\nKast\u0113 ap 20 kg. cena nor\u0101d\u012bta par 1 kg<\/p>\n","protected":false},"featured_media":886,"comment_status":"open","ping_status":"closed","template":"","meta":[],"product_cat":[27,28],"product_tag":[],"class_list":{"0":"post-729","1":"product","2":"type-product","3":"status-publish","4":"has-post-thumbnail","6":"product_cat-gala","7":"product_cat-liellops","9":"first","10":"instock","11":"shipping-taxable","12":"purchasable","13":"product-type-simple"},"_links":{"self":[{"href":"http:\/\/argozoo.lv\/index.php?rest_route=\/wp\/v2\/product\/729","targetHints":{"allow":["GET"]}}],"collection":[{"href":"http:\/\/argozoo.lv\/index.php?rest_route=\/wp\/v2\/product"}],"about":[{"href":"http:\/\/argozoo.lv\/index.php?rest_route=\/wp\/v2\/types\/product"}],"replies":[{"embeddable":true,"href":"http:\/\/argozoo.lv\/index.php?rest_route=%2Fwp%2Fv2%2Fcomments&post=729"}],"wp:featuredmedia":[{"embeddable":true,"href":"http:\/\/argozoo.lv\/index.php?rest_route=\/wp\/v2\/media\/886"}],"wp:attachment":[{"href":"http:\/\/argozoo.lv\/index.php?rest_route=%2Fwp%2Fv2%2Fmedia&parent=729"}],"wp:term":[{"taxonomy":"product_cat","embeddable":true,"href":"http:\/\/argozoo.lv\/index.php?rest_route=%2Fwp%2Fv2%2Fproduct_cat&post=729"},{"taxonomy":"product_tag","embeddable":true,"href":"http:\/\/argozoo.lv\/index.php?rest_route=%2Fwp%2Fv2%2Fproduct_tag&post=729"}],"curies":[{"name":"wp","href":"https:\/\/api.w.org\/{rel}","templated":true}]}}