{"id":733,"date":"2022-01-04T13:26:00","date_gmt":"2022-01-04T13:26:00","guid":{"rendered":"http:\/\/argozoo.lv\/?post_type=product&#038;p=733"},"modified":"2024-09-23T06:16:41","modified_gmt":"2024-09-23T06:16:41","slug":"liellopa-plausas","status":"publish","type":"product","link":"http:\/\/argozoo.lv\/?product=liellopa-plausas","title":{"rendered":"Liellopa plau\u0161as"},"content":{"rendered":"<p>P\u0113c atlaidin\u0101\u0161anas uzglab\u0101t ne augst\u0101k k\u0101 +7C, izlietot 24 stundu laik\u0101.<\/p>\n","protected":false},"excerpt":{"rendered":"<p>100% liellopu plau\u0161as. kaste. cena par 1 kg. \u0160is produkts tiek p\u0101rdots pa veselai kastei un uz pas\u016btijumu.<\/p>\n","protected":false},"featured_media":734,"comment_status":"open","ping_status":"closed","template":"","meta":[],"product_cat":[27,28],"product_tag":[],"class_list":{"0":"post-733","1":"product","2":"type-product","3":"status-publish","4":"has-post-thumbnail","6":"product_cat-gala","7":"product_cat-liellops","9":"first","10":"outofstock","11":"shipping-taxable","12":"purchasable","13":"product-type-simple"},"_links":{"self":[{"href":"http:\/\/argozoo.lv\/index.php?rest_route=\/wp\/v2\/product\/733","targetHints":{"allow":["GET"]}}],"collection":[{"href":"http:\/\/argozoo.lv\/index.php?rest_route=\/wp\/v2\/product"}],"about":[{"href":"http:\/\/argozoo.lv\/index.php?rest_route=\/wp\/v2\/types\/product"}],"replies":[{"embeddable":true,"href":"http:\/\/argozoo.lv\/index.php?rest_route=%2Fwp%2Fv2%2Fcomments&post=733"}],"wp:featuredmedia":[{"embeddable":true,"href":"http:\/\/argozoo.lv\/index.php?rest_route=\/wp\/v2\/media\/734"}],"wp:attachment":[{"href":"http:\/\/argozoo.lv\/index.php?rest_route=%2Fwp%2Fv2%2Fmedia&parent=733"}],"wp:term":[{"taxonomy":"product_cat","embeddable":true,"href":"http:\/\/argozoo.lv\/index.php?rest_route=%2Fwp%2Fv2%2Fproduct_cat&post=733"},{"taxonomy":"product_tag","embeddable":true,"href":"http:\/\/argozoo.lv\/index.php?rest_route=%2Fwp%2Fv2%2Fproduct_tag&post=733"}],"curies":[{"name":"wp","href":"https:\/\/api.w.org\/{rel}","templated":true}]}}